{"id":14,"date":"2025-07-21T14:50:38","date_gmt":"2025-07-21T14:50:38","guid":{"rendered":"http:\/\/revelut-3d-solution.fr\/?page_id=14"},"modified":"2025-07-21T15:09:24","modified_gmt":"2025-07-21T15:09:24","slug":"revelut-3d-solution-site-en-construction","status":"publish","type":"page","link":"https:\/\/revelut-3d-solution.fr\/","title":{"rendered":"SITE EN CONSTRUCTION"},"content":{"rendered":"\n<h2 class=\"wp-block-heading has-text-align-center\">SITE EN CONSTRUCTION<\/h2>\n\n\n\n<div class=\"wp-block-group is-content-justification-center is-nowrap is-layout-flex wp-container-core-group-is-layout-23441af8 wp-block-group-is-layout-flex\">\n<figure class=\"wp-block-image size-full is-resized\"><img loading=\"lazy\" decoding=\"async\" width=\"1024\" height=\"1024\" src=\"http:\/\/revelut-3d-solution.fr\/wp-content\/uploads\/2025\/07\/Illustration-of-a-3D-printer-in-the-process-of-printing-a-website-logo.-The-printer-is-modern-and-sl.png\" alt=\"\" class=\"wp-image-27\" style=\"width:570px;height:auto\" srcset=\"https:\/\/revelut-3d-solution.fr\/wp-content\/uploads\/2025\/07\/Illustration-of-a-3D-printer-in-the-process-of-printing-a-website-logo.-The-printer-is-modern-and-sl.png 1024w, https:\/\/revelut-3d-solution.fr\/wp-content\/uploads\/2025\/07\/Illustration-of-a-3D-printer-in-the-process-of-printing-a-website-logo.-The-printer-is-modern-and-sl-300x300.png 300w, https:\/\/revelut-3d-solution.fr\/wp-content\/uploads\/2025\/07\/Illustration-of-a-3D-printer-in-the-process-of-printing-a-website-logo.-The-printer-is-modern-and-sl-150x150.png 150w, https:\/\/revelut-3d-solution.fr\/wp-content\/uploads\/2025\/07\/Illustration-of-a-3D-printer-in-the-process-of-printing-a-website-logo.-The-printer-is-modern-and-sl-768x768.png 768w\" sizes=\"auto, (max-width: 1024px) 100vw, 1024px\" \/><\/figure>\n<\/div>\n\n\n\n<p class=\"has-text-align-left\">Si vous souhaitez \u00eatre inform\u00e9 d\u00e8s la mise en ligne de notre site  , envoyez-nous un petit message \ud83d\ude09<\/p>\n\n\n\n<div class=\"wp-block-buttons is-layout-flex wp-block-buttons-is-layout-flex\">\n<div class=\"wp-block-button\"><a class=\"wp-block-button__link has-text-align-center wp-element-button\" href=\"mailto:contact@revelut-3d-solution.fr\">Envoyer un message <\/a><\/div>\n<\/div>\n\n\n\n<p>Vous pouvez \u00e9galement nous joindre au 06 22 90 28 17<\/p>\n","protected":false},"excerpt":{"rendered":"<p>SITE EN CONSTRUCTION Si vous souhaitez \u00eatre inform\u00e9 d\u00e8s la mise en ligne de notre site , envoyez-nous un petit [&hellip;]<\/p>\n","protected":false},"author":1,"featured_media":0,"parent":0,"menu_order":0,"comment_status":"closed","ping_status":"closed","template":"","meta":{"site-sidebar-layout":"default","site-content-layout":"","ast-site-content-layout":"default","site-content-style":"default","site-sidebar-style":"default","ast-global-header-display":"","ast-banner-title-visibility":"","ast-main-header-display":"","ast-hfb-above-header-display":"","ast-hfb-below-header-display":"","ast-hfb-mobile-header-display":"","site-post-title":"disabled","ast-breadcrumbs-content":"","ast-featured-img":"","footer-sml-layout":"","theme-transparent-header-meta":"","adv-header-id-meta":"","stick-header-meta":"","header-above-stick-meta":"","header-main-stick-meta":"","header-below-stick-meta":"","astra-migrate-meta-layouts":"default","ast-page-background-enabled":"default","ast-page-background-meta":{"desktop":{"background-color":"var(--ast-global-color-5)","background-image":"","background-repeat":"repeat","background-position":"center center","background-size":"auto","background-attachment":"scroll","background-type":"","background-media":"","overlay-type":"","overlay-color":"","overlay-opacity":"","overlay-gradient":""},"tablet":{"background-color":"","background-image":"","background-repeat":"repeat","background-position":"center center","background-size":"auto","background-attachment":"scroll","background-type":"","background-media":"","overlay-type":"","overlay-color":"","overlay-opacity":"","overlay-gradient":""},"mobile":{"background-color":"","background-image":"","background-repeat":"repeat","background-position":"center center","background-size":"auto","background-attachment":"scroll","background-type":"","background-media":"","overlay-type":"","overlay-color":"","overlay-opacity":"","overlay-gradient":""}},"ast-content-background-meta":{"desktop":{"background-color":"var(--ast-global-color-4)","background-image":"","background-repeat":"repeat","background-position":"center center","background-size":"auto","background-attachment":"scroll","background-type":"","background-media":"","overlay-type":"","overlay-color":"","overlay-opacity":"","overlay-gradient":""},"tablet":{"background-color":"var(--ast-global-color-4)","background-image":"","background-repeat":"repeat","background-position":"center center","background-size":"auto","background-attachment":"scroll","background-type":"","background-media":"","overlay-type":"","overlay-color":"","overlay-opacity":"","overlay-gradient":""},"mobile":{"background-color":"var(--ast-global-color-4)","background-image":"","background-repeat":"repeat","background-position":"center center","background-size":"auto","background-attachment":"scroll","background-type":"","background-media":"","overlay-type":"","overlay-color":"","overlay-opacity":"","overlay-gradient":""}},"footnotes":""},"class_list":["post-14","page","type-page","status-publish","hentry"],"_links":{"self":[{"href":"https:\/\/revelut-3d-solution.fr\/index.php\/wp-json\/wp\/v2\/pages\/14","targetHints":{"allow":["GET"]}}],"collection":[{"href":"https:\/\/revelut-3d-solution.fr\/index.php\/wp-json\/wp\/v2\/pages"}],"about":[{"href":"https:\/\/revelut-3d-solution.fr\/index.php\/wp-json\/wp\/v2\/types\/page"}],"author":[{"embeddable":true,"href":"https:\/\/revelut-3d-solution.fr\/index.php\/wp-json\/wp\/v2\/users\/1"}],"replies":[{"embeddable":true,"href":"https:\/\/revelut-3d-solution.fr\/index.php\/wp-json\/wp\/v2\/comments?post=14"}],"version-history":[{"count":7,"href":"https:\/\/revelut-3d-solution.fr\/index.php\/wp-json\/wp\/v2\/pages\/14\/revisions"}],"predecessor-version":[{"id":30,"href":"https:\/\/revelut-3d-solution.fr\/index.php\/wp-json\/wp\/v2\/pages\/14\/revisions\/30"}],"wp:attachment":[{"href":"https:\/\/revelut-3d-solution.fr\/index.php\/wp-json\/wp\/v2\/media?parent=14"}],"curies":[{"name":"wp","href":"https:\/\/api.w.org\/{rel}","templated":true}]}}